{"id":78470,"date":"2022-11-07T23:19:11","date_gmt":"2022-11-07T22:19:11","guid":{"rendered":"https:\/\/www.ape-raccorderie.com\/valvula-automatica-de-purga-de-aire\/"},"modified":"2026-03-27T12:25:21","modified_gmt":"2026-03-27T11:25:21","slug":"valvula-automatica-de-purga-de-aire","status":"publish","type":"product","link":"https:\/\/www.ape-raccorderie.com\/es\/valvula-automatica-de-purga-de-aire\/","title":{"rendered":"v\u00e1lvula autom\u00e1tica de purga de aire"},"content":{"rendered":"<p>V\u00e1lvula autom\u00e1tica de purga de aire &#8211; 3\/8&#8243;<\/p>\n","protected":false},"excerpt":{"rendered":"<p>V\u00e1lvula autom\u00e1tica de purga de aire &#8211; 3\/8&#8243;<\/p>\n","protected":false},"featured_media":78473,"template":"","meta":{"_acf_changed":false},"product_brand":[],"product_cat":[551],"product_tag":[],"class_list":{"0":"post-78470","1":"product","2":"type-product","3":"status-publish","4":"has-post-thumbnail","6":"product_cat-sin-categoria","8":"first","9":"instock","10":"shipping-taxable","11":"purchasable","12":"product-type-variable"},"acf":[],"_links":{"self":[{"href":"https:\/\/www.ape-raccorderie.com\/es\/wp-json\/wp\/v2\/product\/78470","targetHints":{"allow":["GET"]}}],"collection":[{"href":"https:\/\/www.ape-raccorderie.com\/es\/wp-json\/wp\/v2\/product"}],"about":[{"href":"https:\/\/www.ape-raccorderie.com\/es\/wp-json\/wp\/v2\/types\/product"}],"wp:featuredmedia":[{"embeddable":true,"href":"https:\/\/www.ape-raccorderie.com\/es\/wp-json\/wp\/v2\/media\/78473"}],"wp:attachment":[{"href":"https:\/\/www.ape-raccorderie.com\/es\/wp-json\/wp\/v2\/media?parent=78470"}],"wp:term":[{"taxonomy":"product_brand","embeddable":true,"href":"https:\/\/www.ape-raccorderie.com\/es\/wp-json\/wp\/v2\/product_brand?post=78470"},{"taxonomy":"product_cat","embeddable":true,"href":"https:\/\/www.ape-raccorderie.com\/es\/wp-json\/wp\/v2\/product_cat?post=78470"},{"taxonomy":"product_tag","embeddable":true,"href":"https:\/\/www.ape-raccorderie.com\/es\/wp-json\/wp\/v2\/product_tag?post=78470"}],"curies":[{"name":"wp","href":"https:\/\/api.w.org\/{rel}","templated":true}]}}