{"id":79095,"date":"2023-05-17T14:32:40","date_gmt":"2023-05-17T12:32:40","guid":{"rendered":"https:\/\/www.ape-raccorderie.com\/page-daccueil\/"},"modified":"2026-03-31T14:12:35","modified_gmt":"2026-03-31T12:12:35","slug":"page-daccueil","status":"publish","type":"page","link":"https:\/\/www.ape-raccorderie.com\/fr\/","title":{"rendered":"Page d&#8217;accueil"},"content":{"rendered":"<div class=\"wpb-content-wrapper\"><p>[vc_row css_animation=&#8221;&#8221; row_type=&#8221;row&#8221; use_row_as_full_screen_section=&#8221;no&#8221; type=&#8221;full_width&#8221; angled_section=&#8221;no&#8221; text_align=&#8221;left&#8221; background_image_as_pattern=&#8221;without_pattern&#8221; css=&#8221;.vc_custom_1688125929325{background-image: url(https:\/\/www.ape-raccorderie.com\/wp-content\/uploads\/2023\/06\/pallet-home2.jpg?id=76082) !important;background-position: center !important;background-repeat: no-repeat !important;background-size: cover !important;}&#8221; z_index=&#8221;&#8221; el_class=&#8221;bg-mask&#8221;][vc_column][vc_row_inner row_type=&#8221;row&#8221; type=&#8221;full_width&#8221; text_align=&#8221;left&#8221; css_animation=&#8221;&#8221;][vc_column_inner][vc_empty_space height=&#8221;48px&#8221;][vc_column_text el_class=&#8221;text-white&#8221;][\/vc_column_text][vc_empty_space height=&#8221;128px&#8221;]<a   itemprop=\"url\" href=\"\/it\/azienda\" target=\"_self\"  class=\"qbutton  default btn-center cta-icon cta-icon-arrow\" style=\"\">D\u00e9couvrez l&#039;entreprise<\/a>[vc_empty_space][\/vc_column_inner][\/vc_row_inner][\/vc_column][\/vc_row][vc_row css_animation=&#8221;&#8221; row_type=&#8221;row&#8221; use_row_as_full_screen_section=&#8221;no&#8221; type=&#8221;full_width&#8221; angled_section=&#8221;no&#8221; text_align=&#8221;left&#8221; background_image_as_pattern=&#8221;without_pattern&#8221;][vc_column][layerslider_vc id=&#8221;1&#8243;][\/vc_column][\/vc_row][vc_row css_animation=&#8221;&#8221; row_type=&#8221;row&#8221; use_row_as_full_screen_section=&#8221;no&#8221; type=&#8221;full_width&#8221; angled_section=&#8221;no&#8221; text_align=&#8221;left&#8221; background_image_as_pattern=&#8221;without_pattern&#8221;][vc_column][vc_empty_space height=&#8221;50px&#8221;][\/vc_column][\/vc_row][vc_row css_animation=&#8221;&#8221; row_type=&#8221;row&#8221; use_row_as_full_screen_section=&#8221;no&#8221; type=&#8221;grid&#8221; angled_section=&#8221;no&#8221; text_align=&#8221;left&#8221; background_image_as_pattern=&#8221;without_pattern&#8221; z_index=&#8221;&#8221;][vc_column][vc_row_inner row_type=&#8221;row&#8221; type=&#8221;full_width&#8221; text_align=&#8221;left&#8221; css_animation=&#8221;&#8221; el_class=&#8221;flex-stretch&#8221;][vc_column_inner width=&#8221;1\/2&#8243; css=&#8221;.vc_custom_1681465224495{background-color: #f4f4f4 !important;}&#8221;][vc_column_text]<\/p>\n<h2><a href=\"https:\/\/www.ape-raccorderie.com\/it\/raccordi\/\"><img decoding=\"async\" class=\"alignright wp-image-72353\" src=\"https:\/\/www.ape-raccorderie.com\/wp-content\/uploads\/2023\/01\/Raggruppa-501.png\" alt=\"\" width=\"164\" height=\"179\"><\/a><span style=\"color: #8fae20;\">RACCORDS<\/span><\/h2>\n<p>&nbsp;<\/p>\n<p>La vaste gamme de raccords propos\u00e9e par APE RACCORDERIE, qu&#8217;ils soient \u00e0 sertir ou \u00e0 visser, comprend des mod\u00e8les adapt\u00e9s \u00e0 tous les besoins et \u00e0 toutes les applications, ainsi que des collecteurs destin\u00e9s aussi bien \u00e0 l&#8217;usage sanitaire qu&#8217;au chauffage. La vaste gamme propos\u00e9e par APE refl\u00e8te tout le savoir-faire technique et de production de l&#8217;entreprise,<br \/>\ngr\u00e2ce \u00e0 une fabrication interne rigoureusement MADE IN ITALY o\u00f9 chaque \u00e9tape, de la mati\u00e8re premi\u00e8re au produit fini, est soigneusement surveill\u00e9e par des contr\u00f4les de qualit\u00e9 stricts.[\/vc_column_text][\/vc_column_inner][vc_column_inner width=&#8221;1\/2&#8243; css=&#8221;.vc_custom_1681465236687{background-color: #f4f4f4 !important;}&#8221;][vc_column_text]<\/p>\n<h2><a href=\"https:\/\/www.ape-raccorderie.com\/it\/tubo-multistrato\/\"><img decoding=\"async\" class=\"wp-image-72355 size-full alignright\" src=\"https:\/\/www.ape-raccorderie.com\/wp-content\/uploads\/2023\/01\/Raggruppa-502.png\" alt=\"\" width=\"164\" height=\"179\"><\/a><span style=\"color: #2291d0;\">TUYAUX MULTICOUCHES<\/span><\/h2>\n<p>&nbsp;<\/p>\n<p>Dans ses propres usines, APE fabrique le tuyau multicouche APE MULTYLAYER PE-XB\/AL\/PE-XB en diff\u00e9rents diam\u00e8tres, adapt\u00e9 au transport tant de l&#8217;eau technique que de l&#8217;eau \u00e0 usage sanitaire et potable. Le tuyau a pass\u00e9 avec succ\u00e8s tous les tests de la norme UNI EN ISO 21003 et a obtenu les certifications des principaux organismes internationaux tels que DVGW, KIWA, WRAS, ATG, KOMO, DINCERTCO, AFNOR et AENOR. La gamme comprend \u00e9galement une version rev\u00eatue, adapt\u00e9e au chauffage et au refroidissement, ainsi qu&#8217;une version gain\u00e9e destin\u00e9e aux pays d&#8217;Europe du Nord. L&#8217;ensemble de la production est garanti par le haut niveau de comp\u00e9tence et de professionnalisme du syst\u00e8me[\/vc_column_text][\/vc_column_inner][vc_column_inner width=&#8221;1\/2&#8243; css=&#8221;.vc_custom_1681465437890{background-color: #f4f4f4 !important;}&#8221;][vc_column_text]<\/p>\n<h2><a href=\"https:\/\/www.ape-raccorderie.com\/it\/gas\/\"><img decoding=\"async\" class=\"wp-image-72357 size-full alignright\" src=\"https:\/\/www.ape-raccorderie.com\/wp-content\/uploads\/2023\/01\/Raggruppa-503.png\" alt=\"\" width=\"164\" height=\"179\"><\/a><span style=\"color: #fec900;\">GAZ<\/span><\/h2>\n<p>&nbsp;<\/p>\n<p>La section GAZ comprend l&#8217;ensemble du syst\u00e8me de distribution de gaz et de GPL conforme \u00e0 la norme UNI 7129, depuis les raccords \u00e0 sertir de la s\u00e9rie AP GAS jusqu&#8217;aux kits de bo\u00eetiers encastr\u00e9s et aux robinets \u00e0 bille, en passant par les tuyaux multicouches nus ou gain\u00e9s et les collecteurs de distribution. Le syst\u00e8me de tuyaux et raccords APEMULTYGAS, enti\u00e8rement fabriqu\u00e9 dans nos usines, a pass\u00e9 avec succ\u00e8s tous les tests de la norme UNI 11344 et a obtenu le certificat Kiwa Quality.[\/vc_column_text][\/vc_column_inner][vc_column_inner width=&#8221;1\/2&#8243; css=&#8221;.vc_custom_1681465445501{background-color: #f4f4f4 !important;}&#8221;][vc_column_text]<\/p>\n<h2><a href=\"https:\/\/www.ape-raccorderie.com\/it\/therm\/\"><img loading=\"lazy\" decoding=\"async\" class=\"wp-image-75429 alignright\" src=\"https:\/\/www.ape-raccorderie.com\/wp-content\/uploads\/2023\/05\/Raggruppa-583-289x300.png\" alt=\"\" width=\"173\" height=\"180\" srcset=\"https:\/\/www.ape-raccorderie.com\/wp-content\/uploads\/2023\/05\/Raggruppa-583-289x300.png 289w, https:\/\/www.ape-raccorderie.com\/wp-content\/uploads\/2023\/05\/Raggruppa-583-768x796.png 768w, https:\/\/www.ape-raccorderie.com\/wp-content\/uploads\/2023\/05\/Raggruppa-583-700x726.png 700w, https:\/\/www.ape-raccorderie.com\/wp-content\/uploads\/2023\/05\/Raggruppa-583-600x622.png 600w, https:\/\/www.ape-raccorderie.com\/wp-content\/uploads\/2023\/05\/Raggruppa-583.png 976w\" sizes=\"(max-width: 173px) 100vw, 173px\" \/><\/a><span style=\"color: #e44c17;\">THERM<\/span><\/h2>\n<p>&nbsp;<\/p>\n<p>Toujours soucieuse du bien-\u00eatre des personnes et du respect de l&#8217;environnement, APE raccorderie a d\u00e9velopp\u00e9 la gamme THERM, qui regroupe les syst\u00e8mes de chauffage et de climatisation par rayonnement au sol, aux murs et au plafond, ainsi que les accessoires associ\u00e9s avec comptabilisation de l&#8217;\u00e9nergie ; cette gamme est en constante \u00e9volution afin de r\u00e9pondre au mieux aux besoins du march\u00e9 et aux innovations technologiques.[\/vc_column_text][\/vc_column_inner][\/vc_row_inner][\/vc_column][\/vc_row][vc_row css_animation=&#8221;&#8221; row_type=&#8221;row&#8221; use_row_as_full_screen_section=&#8221;no&#8221; type=&#8221;grid&#8221; angled_section=&#8221;no&#8221; text_align=&#8221;left&#8221; background_image_as_pattern=&#8221;without_pattern&#8221; z_index=&#8221;&#8221;][vc_column][vc_empty_space height=&#8221;48px&#8221;][vc_column_text]<div class=\"aws-container\" data-url=\"\/fr\/?wc-ajax=aws_action\" data-siteurl=\"https:\/\/www.ape-raccorderie.com\/fr\/\" data-lang=\"fr\" data-show-loader=\"false\" data-show-more=\"true\" data-show-page=\"true\" data-ajax-search=\"true\" data-show-clear=\"false\" data-mobile-screen=\"false\" data-use-analytics=\"false\" data-min-chars=\"1\" data-buttons-order=\"2\" data-timeout=\"300\" data-is-mobile=\"false\" data-page-id=\"0\" data-tax=\"\" ><form class=\"aws-search-form\" action=\"https:\/\/www.ape-raccorderie.com\/fr\/\" method=\"get\" role=\"search\" ><div class=\"aws-wrapper\"><label class=\"aws-search-label\" for=\"69f405554c250\">Saisissez le code \u00e0 rechercher<\/label><input type=\"search\" name=\"s\" id=\"69f405554c250\" value=\"\" class=\"aws-search-field\" placeholder=\"Saisissez le code \u00e0 rechercher\" autocomplete=\"off\" \/><input type=\"hidden\" name=\"post_type\" value=\"product\"><input type=\"hidden\" name=\"type_aws\" value=\"true\"><input type=\"hidden\" name=\"lang\" value=\"fr\"><div class=\"aws-search-clear\"><span>\u00d7<\/span><\/div><div class=\"aws-loader\"><div class=\"aws-search-btn btn-cerca\">Cerca Codice prodotto<\/div><\/div><\/div><div class=\"aws-search-btn aws-form-btn\"><span class=\"aws-search-btn_icon\"><svg focusable=\"false\" xmlns=\"http:\/\/www.w3.org\/2000\/svg\" viewBox=\"0 0 24 24\" width=\"24px\"><path d=\"M15.5 14h-.79l-.28-.27C15.41 12.59 16 11.11 16 9.5 16 5.91 13.09 3 9.5 3S3 5.91 3 9.5 5.91 16 9.5 16c1.61 0 3.09-.59 4.23-1.57l.27.28v.79l5 4.99L20.49 19l-4.99-5zm-6 0C7.01 14 5 11.99 5 9.5S7.01 5 9.5 5 14 7.01 14 9.5 11.99 14 9.5 14z\"><\/path><\/svg><\/span><\/div><\/form><\/div>[\/vc_column_text][vc_empty_space height=&#8221;96px&#8221;][vc_column_text]<\/p>\n<h2 style=\"text-align: center;\"><span style=\"color: #03336c;\">\u00c0 LA UNE<\/span><\/h2>\n<p>[\/vc_column_text][vc_empty_space height=&#8221;16px&#8221;][vc_column_text]<div class=\"evidenza-list\"><div><a href=\"https:\/\/www.ape-raccorderie.com\/fr\/art-756-f\/\"><span class=\"image-wrapper \"><img loading=\"lazy\" decoding=\"async\" width=\"1024\" height=\"1024\" src=\"https:\/\/www.ape-raccorderie.com\/wp-content\/uploads\/2023\/03\/756f-1024x1024.png\" class=\"attachment-large size-large\" alt=\"\" srcset=\"https:\/\/www.ape-raccorderie.com\/wp-content\/uploads\/2023\/03\/756f-1024x1024.png 1024w, https:\/\/www.ape-raccorderie.com\/wp-content\/uploads\/2023\/03\/756f-300x300.png 300w, https:\/\/www.ape-raccorderie.com\/wp-content\/uploads\/2023\/03\/756f-150x150.png 150w, https:\/\/www.ape-raccorderie.com\/wp-content\/uploads\/2023\/03\/756f-768x768.png 768w, https:\/\/www.ape-raccorderie.com\/wp-content\/uploads\/2023\/03\/756f-570x570.png 570w, https:\/\/www.ape-raccorderie.com\/wp-content\/uploads\/2023\/03\/756f-500x500.png 500w, https:\/\/www.ape-raccorderie.com\/wp-content\/uploads\/2023\/03\/756f-1000x1000.png 1000w, https:\/\/www.ape-raccorderie.com\/wp-content\/uploads\/2023\/03\/756f-700x700.png 700w, https:\/\/www.ape-raccorderie.com\/wp-content\/uploads\/2023\/03\/756f-600x600.png 600w, https:\/\/www.ape-raccorderie.com\/wp-content\/uploads\/2023\/03\/756f-100x100.png 100w, https:\/\/www.ape-raccorderie.com\/wp-content\/uploads\/2023\/03\/756f.png 1500w\" sizes=\"(max-width: 1024px) 100vw, 1024px\" \/><\/span><div class=\"prod-title\"><h6>ART. 756 F<\/h6><\/div><\/a><\/div><div><a href=\"https:\/\/www.ape-raccorderie.com\/fr\/art-apl-36\/\"><span class=\"image-wrapper \"><img loading=\"lazy\" decoding=\"async\" width=\"1007\" height=\"1024\" src=\"https:\/\/www.ape-raccorderie.com\/wp-content\/uploads\/2023\/02\/APL-36_FOTO-1-1007x1024.png\" class=\"attachment-large size-large\" alt=\"\" srcset=\"https:\/\/www.ape-raccorderie.com\/wp-content\/uploads\/2023\/02\/APL-36_FOTO-1-1007x1024.png 1007w, https:\/\/www.ape-raccorderie.com\/wp-content\/uploads\/2023\/02\/APL-36_FOTO-1-295x300.png 295w, https:\/\/www.ape-raccorderie.com\/wp-content\/uploads\/2023\/02\/APL-36_FOTO-1-768x781.png 768w, https:\/\/www.ape-raccorderie.com\/wp-content\/uploads\/2023\/02\/APL-36_FOTO-1-1511x1536.png 1511w, https:\/\/www.ape-raccorderie.com\/wp-content\/uploads\/2023\/02\/APL-36_FOTO-1-2014x2048.png 2014w, https:\/\/www.ape-raccorderie.com\/wp-content\/uploads\/2023\/02\/APL-36_FOTO-1-700x712.png 700w, https:\/\/www.ape-raccorderie.com\/wp-content\/uploads\/2023\/02\/APL-36_FOTO-1-600x610.png 600w\" sizes=\"(max-width: 1007px) 100vw, 1007px\" \/><\/span><div class=\"prod-title\"><h6>ART. APL 36<\/h6><\/div><\/a><\/div><div><a href=\"https:\/\/www.ape-raccorderie.com\/fr\/art-apl-50\/\"><span class=\"image-wrapper \"><img loading=\"lazy\" decoding=\"async\" width=\"1024\" height=\"1010\" src=\"https:\/\/www.ape-raccorderie.com\/wp-content\/uploads\/2023\/02\/APL-50_FOTO-2-1024x1010.png\" class=\"attachment-large size-large\" alt=\"\" srcset=\"https:\/\/www.ape-raccorderie.com\/wp-content\/uploads\/2023\/02\/APL-50_FOTO-2-1024x1010.png 1024w, https:\/\/www.ape-raccorderie.com\/wp-content\/uploads\/2023\/02\/APL-50_FOTO-2-300x296.png 300w, https:\/\/www.ape-raccorderie.com\/wp-content\/uploads\/2023\/02\/APL-50_FOTO-2-768x757.png 768w, https:\/\/www.ape-raccorderie.com\/wp-content\/uploads\/2023\/02\/APL-50_FOTO-2-1536x1515.png 1536w, https:\/\/www.ape-raccorderie.com\/wp-content\/uploads\/2023\/02\/APL-50_FOTO-2-2048x2020.png 2048w, https:\/\/www.ape-raccorderie.com\/wp-content\/uploads\/2023\/02\/APL-50_FOTO-2-700x690.png 700w, https:\/\/www.ape-raccorderie.com\/wp-content\/uploads\/2023\/02\/APL-50_FOTO-2-600x592.png 600w, https:\/\/www.ape-raccorderie.com\/wp-content\/uploads\/2023\/02\/APL-50_FOTO-2-100x100.png 100w\" sizes=\"(max-width: 1024px) 100vw, 1024px\" \/><\/span><div class=\"prod-title\"><h6>ART. APL 50<\/h6><\/div><\/a><\/div><div><a href=\"https:\/\/www.ape-raccorderie.com\/fr\/tuyau-ape-multicouche-pexb-al-pexb\/\"><span class=\"image-wrapper \"><img loading=\"lazy\" decoding=\"async\" width=\"1024\" height=\"1024\" src=\"https:\/\/www.ape-raccorderie.com\/wp-content\/uploads\/2023\/01\/tubo-reggiato-1024x1024.png\" class=\"attachment-large size-large\" alt=\"\" srcset=\"https:\/\/www.ape-raccorderie.com\/wp-content\/uploads\/2023\/01\/tubo-reggiato-1024x1024.png 1024w, https:\/\/www.ape-raccorderie.com\/wp-content\/uploads\/2023\/01\/tubo-reggiato-300x300.png 300w, https:\/\/www.ape-raccorderie.com\/wp-content\/uploads\/2023\/01\/tubo-reggiato-150x150.png 150w, https:\/\/www.ape-raccorderie.com\/wp-content\/uploads\/2023\/01\/tubo-reggiato-768x768.png 768w, https:\/\/www.ape-raccorderie.com\/wp-content\/uploads\/2023\/01\/tubo-reggiato-570x570.png 570w, https:\/\/www.ape-raccorderie.com\/wp-content\/uploads\/2023\/01\/tubo-reggiato-500x500.png 500w, https:\/\/www.ape-raccorderie.com\/wp-content\/uploads\/2023\/01\/tubo-reggiato-1000x1000.png 1000w, https:\/\/www.ape-raccorderie.com\/wp-content\/uploads\/2023\/01\/tubo-reggiato-700x700.png 700w, https:\/\/www.ape-raccorderie.com\/wp-content\/uploads\/2023\/01\/tubo-reggiato-600x600.png 600w, https:\/\/www.ape-raccorderie.com\/wp-content\/uploads\/2023\/01\/tubo-reggiato-100x100.png 100w, https:\/\/www.ape-raccorderie.com\/wp-content\/uploads\/2023\/01\/tubo-reggiato.png 1500w\" sizes=\"(max-width: 1024px) 100vw, 1024px\" \/><\/span><div class=\"prod-title\"><h6>TUYAU APE MULTICOUCHE PEXB\/AL\/PEXB<\/h6><\/div><\/a><\/div><div><a href=\"https:\/\/www.ape-raccorderie.com\/fr\/panneau-top-graphite\/\"><span class=\"image-wrapper \"><img loading=\"lazy\" decoding=\"async\" width=\"1024\" height=\"1018\" src=\"https:\/\/www.ape-raccorderie.com\/wp-content\/uploads\/2022\/11\/TOP-GRAFITE-80-1024x1018.png\" class=\"attachment-large size-large\" alt=\"\" srcset=\"https:\/\/www.ape-raccorderie.com\/wp-content\/uploads\/2022\/11\/TOP-GRAFITE-80-1024x1018.png 1024w, https:\/\/www.ape-raccorderie.com\/wp-content\/uploads\/2022\/11\/TOP-GRAFITE-80-300x298.png 300w, https:\/\/www.ape-raccorderie.com\/wp-content\/uploads\/2022\/11\/TOP-GRAFITE-80-150x150.png 150w, https:\/\/www.ape-raccorderie.com\/wp-content\/uploads\/2022\/11\/TOP-GRAFITE-80-768x764.png 768w, https:\/\/www.ape-raccorderie.com\/wp-content\/uploads\/2022\/11\/TOP-GRAFITE-80-1536x1528.png 1536w, https:\/\/www.ape-raccorderie.com\/wp-content\/uploads\/2022\/11\/TOP-GRAFITE-80-2048x2037.png 2048w, https:\/\/www.ape-raccorderie.com\/wp-content\/uploads\/2022\/11\/TOP-GRAFITE-80-700x696.png 700w, https:\/\/www.ape-raccorderie.com\/wp-content\/uploads\/2022\/11\/TOP-GRAFITE-80-600x597.png 600w, https:\/\/www.ape-raccorderie.com\/wp-content\/uploads\/2022\/11\/TOP-GRAFITE-80-100x100.png 100w\" sizes=\"(max-width: 1024px) 100vw, 1024px\" \/><\/span><div class=\"prod-title\"><h6>Panneau TOP GRAPHITE<\/h6><\/div><\/a><\/div><div><a href=\"https:\/\/www.ape-raccorderie.com\/fr\/art-ap-654\/\"><span class=\"image-wrapper \"><img loading=\"lazy\" decoding=\"async\" width=\"1024\" height=\"1024\" src=\"https:\/\/www.ape-raccorderie.com\/wp-content\/uploads\/2022\/11\/0011_AP654-1024x1024.png\" class=\"attachment-large size-large\" alt=\"\" srcset=\"https:\/\/www.ape-raccorderie.com\/wp-content\/uploads\/2022\/11\/0011_AP654-1024x1024.png 1024w, https:\/\/www.ape-raccorderie.com\/wp-content\/uploads\/2022\/11\/0011_AP654-300x300.png 300w, https:\/\/www.ape-raccorderie.com\/wp-content\/uploads\/2022\/11\/0011_AP654-150x150.png 150w, https:\/\/www.ape-raccorderie.com\/wp-content\/uploads\/2022\/11\/0011_AP654-768x768.png 768w, https:\/\/www.ape-raccorderie.com\/wp-content\/uploads\/2022\/11\/0011_AP654-570x570.png 570w, https:\/\/www.ape-raccorderie.com\/wp-content\/uploads\/2022\/11\/0011_AP654-500x500.png 500w, https:\/\/www.ape-raccorderie.com\/wp-content\/uploads\/2022\/11\/0011_AP654-1000x1000.png 1000w, https:\/\/www.ape-raccorderie.com\/wp-content\/uploads\/2022\/11\/0011_AP654-700x700.png 700w, https:\/\/www.ape-raccorderie.com\/wp-content\/uploads\/2022\/11\/0011_AP654-600x600.png 600w, https:\/\/www.ape-raccorderie.com\/wp-content\/uploads\/2022\/11\/0011_AP654-100x100.png 100w, https:\/\/www.ape-raccorderie.com\/wp-content\/uploads\/2022\/11\/0011_AP654.png 1500w\" sizes=\"(max-width: 1024px) 100vw, 1024px\" \/><\/span><div class=\"prod-title\"><h6>ART. AP 654<\/h6><\/div><\/a><\/div><div><a href=\"https:\/\/www.ape-raccorderie.com\/fr\/art-apl-37\/\"><span class=\"image-wrapper \"><img loading=\"lazy\" decoding=\"async\" width=\"1024\" height=\"1024\" src=\"https:\/\/www.ape-raccorderie.com\/wp-content\/uploads\/2023\/02\/APL-37_FOTO-1024x1024.png\" class=\"attachment-large size-large\" alt=\"\" srcset=\"https:\/\/www.ape-raccorderie.com\/wp-content\/uploads\/2023\/02\/APL-37_FOTO-1024x1024.png 1024w, https:\/\/www.ape-raccorderie.com\/wp-content\/uploads\/2023\/02\/APL-37_FOTO-300x300.png 300w, https:\/\/www.ape-raccorderie.com\/wp-content\/uploads\/2023\/02\/APL-37_FOTO-150x150.png 150w, https:\/\/www.ape-raccorderie.com\/wp-content\/uploads\/2023\/02\/APL-37_FOTO-768x768.png 768w, https:\/\/www.ape-raccorderie.com\/wp-content\/uploads\/2023\/02\/APL-37_FOTO-1536x1536.png 1536w, https:\/\/www.ape-raccorderie.com\/wp-content\/uploads\/2023\/02\/APL-37_FOTO-2048x2048.png 2048w, https:\/\/www.ape-raccorderie.com\/wp-content\/uploads\/2023\/02\/APL-37_FOTO-570x570.png 570w, https:\/\/www.ape-raccorderie.com\/wp-content\/uploads\/2023\/02\/APL-37_FOTO-500x500.png 500w, https:\/\/www.ape-raccorderie.com\/wp-content\/uploads\/2023\/02\/APL-37_FOTO-1000x1000.png 1000w, https:\/\/www.ape-raccorderie.com\/wp-content\/uploads\/2023\/02\/APL-37_FOTO-700x700.png 700w, https:\/\/www.ape-raccorderie.com\/wp-content\/uploads\/2023\/02\/APL-37_FOTO-600x600.png 600w, https:\/\/www.ape-raccorderie.com\/wp-content\/uploads\/2023\/02\/APL-37_FOTO-100x100.png 100w\" sizes=\"(max-width: 1024px) 100vw, 1024px\" \/><\/span><div class=\"prod-title\"><h6>ART. APL 37<\/h6><\/div><\/a><\/div><div><a href=\"https:\/\/www.ape-raccorderie.com\/fr\/art-apl-11\/\"><span class=\"image-wrapper \"><img loading=\"lazy\" decoding=\"async\" width=\"1024\" height=\"1024\" src=\"https:\/\/www.ape-raccorderie.com\/wp-content\/uploads\/2023\/02\/APL-11_FOTO-1024x1024.png\" class=\"attachment-large size-large\" alt=\"\" srcset=\"https:\/\/www.ape-raccorderie.com\/wp-content\/uploads\/2023\/02\/APL-11_FOTO-1024x1024.png 1024w, https:\/\/www.ape-raccorderie.com\/wp-content\/uploads\/2023\/02\/APL-11_FOTO-300x300.png 300w, https:\/\/www.ape-raccorderie.com\/wp-content\/uploads\/2023\/02\/APL-11_FOTO-150x150.png 150w, https:\/\/www.ape-raccorderie.com\/wp-content\/uploads\/2023\/02\/APL-11_FOTO-768x768.png 768w, https:\/\/www.ape-raccorderie.com\/wp-content\/uploads\/2023\/02\/APL-11_FOTO-570x570.png 570w, https:\/\/www.ape-raccorderie.com\/wp-content\/uploads\/2023\/02\/APL-11_FOTO-500x500.png 500w, https:\/\/www.ape-raccorderie.com\/wp-content\/uploads\/2023\/02\/APL-11_FOTO-1000x1000.png 1000w, https:\/\/www.ape-raccorderie.com\/wp-content\/uploads\/2023\/02\/APL-11_FOTO-700x700.png 700w, https:\/\/www.ape-raccorderie.com\/wp-content\/uploads\/2023\/02\/APL-11_FOTO-600x600.png 600w, https:\/\/www.ape-raccorderie.com\/wp-content\/uploads\/2023\/02\/APL-11_FOTO-100x100.png 100w, https:\/\/www.ape-raccorderie.com\/wp-content\/uploads\/2023\/02\/APL-11_FOTO.png 1500w\" sizes=\"(max-width: 1024px) 100vw, 1024px\" \/><\/span><div class=\"prod-title\"><h6>ART. APL 11<\/h6><\/div><\/a><\/div><div><a href=\"https:\/\/www.ape-raccorderie.com\/fr\/art-ap-102\/\"><span class=\"image-wrapper \"><img loading=\"lazy\" decoding=\"async\" width=\"1024\" height=\"1024\" src=\"https:\/\/www.ape-raccorderie.com\/wp-content\/uploads\/2023\/02\/AP-102_FOTO-1024x1024.png\" class=\"attachment-large size-large\" alt=\"\" srcset=\"https:\/\/www.ape-raccorderie.com\/wp-content\/uploads\/2023\/02\/AP-102_FOTO-1024x1024.png 1024w, https:\/\/www.ape-raccorderie.com\/wp-content\/uploads\/2023\/02\/AP-102_FOTO-300x300.png 300w, https:\/\/www.ape-raccorderie.com\/wp-content\/uploads\/2023\/02\/AP-102_FOTO-150x150.png 150w, https:\/\/www.ape-raccorderie.com\/wp-content\/uploads\/2023\/02\/AP-102_FOTO-768x768.png 768w, https:\/\/www.ape-raccorderie.com\/wp-content\/uploads\/2023\/02\/AP-102_FOTO-1536x1536.png 1536w, https:\/\/www.ape-raccorderie.com\/wp-content\/uploads\/2023\/02\/AP-102_FOTO-2048x2048.png 2048w, https:\/\/www.ape-raccorderie.com\/wp-content\/uploads\/2023\/02\/AP-102_FOTO-570x570.png 570w, https:\/\/www.ape-raccorderie.com\/wp-content\/uploads\/2023\/02\/AP-102_FOTO-500x500.png 500w, https:\/\/www.ape-raccorderie.com\/wp-content\/uploads\/2023\/02\/AP-102_FOTO-1000x1000.png 1000w, https:\/\/www.ape-raccorderie.com\/wp-content\/uploads\/2023\/02\/AP-102_FOTO-700x700.png 700w, https:\/\/www.ape-raccorderie.com\/wp-content\/uploads\/2023\/02\/AP-102_FOTO-600x600.png 600w, https:\/\/www.ape-raccorderie.com\/wp-content\/uploads\/2023\/02\/AP-102_FOTO-100x100.png 100w\" sizes=\"(max-width: 1024px) 100vw, 1024px\" \/><\/span><div class=\"prod-title\"><h6>ART. AP 102<\/h6><\/div><\/a><\/div><\/div>[\/vc_column_text][vc_empty_space height=&#8221;96px&#8221;][\/vc_column][vc_column][vc_single_image image=&#8221;79104&#8243; img_size=&#8221;large&#8221; alignment=&#8221;center&#8221; onclick=&#8221;img_link_large&#8221; img_link_target=&#8221;_blank&#8221; css=&#8221;&#8221; qode_css_animation=&#8221;&#8221; el_id=&#8221;https:\/\/www.ape-raccorderie.com\/wp-content\/uploads\/2025\/11\/Descrizione-per-sito-web-e-targa-1.pdf&#8221;][\/vc_column][\/vc_row]<\/p>\n<\/div>","protected":false},"excerpt":{"rendered":"<p>[vc_row css_animation=&#8221;&#8221; row_type=&#8221;row&#8221; use_row_as_full_screen_section=&#8221;no&#8221; type=&#8221;full_width&#8221; angled_section=&#8221;no&#8221; text_align=&#8221;left&#8221; background_image_as_pattern=&#8221;without_pattern&#8221; css=&#8221;.vc_custom_1688125929325{background-image: url(https:\/\/www.ape-raccorderie.com\/wp-content\/uploads\/2023\/06\/pallet-home2.jpg?id=76082) !important;background-position: center !important;background-repeat: no-repeat !important;background-size: cover !important;}&#8221; z_index=&#8221;&#8221; el_class=&#8221;bg-mask&#8221;][vc_column][vc_row_inner row_type=&#8221;row&#8221; type=&#8221;full_width&#8221; text_align=&#8221;left&#8221; css_animation=&#8221;&#8221;][vc_column_inner][vc_empty_space height=&#8221;48px&#8221;][vc_column_text el_class=&#8221;text-white&#8221;][\/vc_column_text][vc_empty_space height=&#8221;128px&#8221;][vc_empty_space][\/vc_column_inner][\/vc_row_inner][\/vc_column][\/vc_row][vc_row css_animation=&#8221;&#8221; row_type=&#8221;row&#8221; use_row_as_full_screen_section=&#8221;no&#8221; type=&#8221;full_width&#8221; angled_section=&#8221;no&#8221; text_align=&#8221;left&#8221; background_image_as_pattern=&#8221;without_pattern&#8221;][vc_column][layerslider_vc id=&#8221;1&#8243;][\/vc_column][\/vc_row][vc_row css_animation=&#8221;&#8221; row_type=&#8221;row&#8221; use_row_as_full_screen_section=&#8221;no&#8221; type=&#8221;full_width&#8221; angled_section=&#8221;no&#8221; text_align=&#8221;left&#8221; background_image_as_pattern=&#8221;without_pattern&#8221;][vc_column][vc_empty_space height=&#8221;50px&#8221;][\/vc_column][\/vc_row][vc_row css_animation=&#8221;&#8221; row_type=&#8221;row&#8221; use_row_as_full_screen_section=&#8221;no&#8221;&#8230;<\/p>\n","protected":false},"author":28,"featured_media":0,"parent":0,"menu_order":0,"comment_status":"closed","ping_status":"closed","template":"full_width.php","meta":{"_acf_changed":false,"footnotes":""},"class_list":["post-79095","page","type-page","status-publish","hentry"],"acf":[],"_links":{"self":[{"href":"https:\/\/www.ape-raccorderie.com\/fr\/wp-json\/wp\/v2\/pages\/79095","targetHints":{"allow":["GET"]}}],"collection":[{"href":"https:\/\/www.ape-raccorderie.com\/fr\/wp-json\/wp\/v2\/pages"}],"about":[{"href":"https:\/\/www.ape-raccorderie.com\/fr\/wp-json\/wp\/v2\/types\/page"}],"author":[{"embeddable":true,"href":"https:\/\/www.ape-raccorderie.com\/fr\/wp-json\/wp\/v2\/users\/28"}],"replies":[{"embeddable":true,"href":"https:\/\/www.ape-raccorderie.com\/fr\/wp-json\/wp\/v2\/comments?post=79095"}],"version-history":[{"count":6,"href":"https:\/\/www.ape-raccorderie.com\/fr\/wp-json\/wp\/v2\/pages\/79095\/revisions"}],"predecessor-version":[{"id":79182,"href":"https:\/\/www.ape-raccorderie.com\/fr\/wp-json\/wp\/v2\/pages\/79095\/revisions\/79182"}],"wp:attachment":[{"href":"https:\/\/www.ape-raccorderie.com\/fr\/wp-json\/wp\/v2\/media?parent=79095"}],"curies":[{"name":"wp","href":"https:\/\/api.w.org\/{rel}","templated":true}]}}