{"id":80020,"date":"2022-11-07T23:19:04","date_gmt":"2022-11-07T22:19:04","guid":{"rendered":"https:\/\/www.ape-raccorderie.com\/eurocono-pour-debitmetres\/"},"modified":"2026-03-31T15:05:32","modified_gmt":"2026-03-31T13:05:32","slug":"eurocono-pour-debitmetres","status":"publish","type":"product","link":"https:\/\/www.ape-raccorderie.com\/fr\/eurocono-pour-debitmetres\/","title":{"rendered":"Eurocono pour d\u00e9bitm\u00e8tres"},"content":{"rendered":"<p>Eurocono pour d\u00e9bitm\u00e8tres<\/p>\n","protected":false},"excerpt":{"rendered":"<p>Eurocono pour d\u00e9bitm\u00e8tres<\/p>\n","protected":false},"featured_media":80022,"template":"","meta":{"_acf_changed":false},"product_brand":[],"product_cat":[583],"product_tag":[],"class_list":{"0":"post-80020","1":"product","2":"type-product","3":"status-publish","4":"has-post-thumbnail","6":"product_cat-sans-categorie","8":"first","9":"instock","10":"shipping-taxable","11":"purchasable","12":"product-type-variable"},"acf":[],"_links":{"self":[{"href":"https:\/\/www.ape-raccorderie.com\/fr\/wp-json\/wp\/v2\/product\/80020","targetHints":{"allow":["GET"]}}],"collection":[{"href":"https:\/\/www.ape-raccorderie.com\/fr\/wp-json\/wp\/v2\/product"}],"about":[{"href":"https:\/\/www.ape-raccorderie.com\/fr\/wp-json\/wp\/v2\/types\/product"}],"wp:featuredmedia":[{"embeddable":true,"href":"https:\/\/www.ape-raccorderie.com\/fr\/wp-json\/wp\/v2\/media\/80022"}],"wp:attachment":[{"href":"https:\/\/www.ape-raccorderie.com\/fr\/wp-json\/wp\/v2\/media?parent=80020"}],"wp:term":[{"taxonomy":"product_brand","embeddable":true,"href":"https:\/\/www.ape-raccorderie.com\/fr\/wp-json\/wp\/v2\/product_brand?post=80020"},{"taxonomy":"product_cat","embeddable":true,"href":"https:\/\/www.ape-raccorderie.com\/fr\/wp-json\/wp\/v2\/product_cat?post=80020"},{"taxonomy":"product_tag","embeddable":true,"href":"https:\/\/www.ape-raccorderie.com\/fr\/wp-json\/wp\/v2\/product_tag?post=80020"}],"curies":[{"name":"wp","href":"https:\/\/api.w.org\/{rel}","templated":true}]}}