{"id":80031,"date":"2022-11-07T23:19:00","date_gmt":"2022-11-07T22:19:00","guid":{"rendered":"https:\/\/www.ape-raccorderie.com\/kit-detendeur-avec-debitmetre-integre\/"},"modified":"2026-03-31T15:05:32","modified_gmt":"2026-03-31T13:05:32","slug":"kit-detendeur-avec-debitmetre-integre","status":"publish","type":"product","link":"https:\/\/www.ape-raccorderie.com\/fr\/kit-detendeur-avec-debitmetre-integre\/","title":{"rendered":"kit d\u00e9tendeur avec d\u00e9bitm\u00e8tre int\u00e9gr\u00e9"},"content":{"rendered":"","protected":false},"excerpt":{"rendered":"","protected":false},"featured_media":80033,"template":"","meta":{"_acf_changed":false},"product_brand":[],"product_cat":[583],"product_tag":[],"class_list":{"0":"post-80031","1":"product","2":"type-product","3":"status-publish","4":"has-post-thumbnail","6":"product_cat-sans-categorie","8":"first","9":"instock","10":"shipping-taxable","11":"purchasable","12":"product-type-variable"},"acf":[],"_links":{"self":[{"href":"https:\/\/www.ape-raccorderie.com\/fr\/wp-json\/wp\/v2\/product\/80031","targetHints":{"allow":["GET"]}}],"collection":[{"href":"https:\/\/www.ape-raccorderie.com\/fr\/wp-json\/wp\/v2\/product"}],"about":[{"href":"https:\/\/www.ape-raccorderie.com\/fr\/wp-json\/wp\/v2\/types\/product"}],"wp:featuredmedia":[{"embeddable":true,"href":"https:\/\/www.ape-raccorderie.com\/fr\/wp-json\/wp\/v2\/media\/80033"}],"wp:attachment":[{"href":"https:\/\/www.ape-raccorderie.com\/fr\/wp-json\/wp\/v2\/media?parent=80031"}],"wp:term":[{"taxonomy":"product_brand","embeddable":true,"href":"https:\/\/www.ape-raccorderie.com\/fr\/wp-json\/wp\/v2\/product_brand?post=80031"},{"taxonomy":"product_cat","embeddable":true,"href":"https:\/\/www.ape-raccorderie.com\/fr\/wp-json\/wp\/v2\/product_cat?post=80031"},{"taxonomy":"product_tag","embeddable":true,"href":"https:\/\/www.ape-raccorderie.com\/fr\/wp-json\/wp\/v2\/product_tag?post=80031"}],"curies":[{"name":"wp","href":"https:\/\/api.w.org\/{rel}","templated":true}]}}