{"id":3,"date":"2022-05-19T12:22:41","date_gmt":"2022-05-19T10:22:41","guid":{"rendered":"https:\/\/www.ape-raccorderie.com\/?page_id=3"},"modified":"2023-01-26T09:37:52","modified_gmt":"2023-01-26T08:37:52","slug":"privacy-policy","status":"publish","type":"page","link":"https:\/\/www.ape-raccorderie.com\/it\/privacy-policy\/","title":{"rendered":"Privacy e Cokie Policy"},"content":{"rendered":"<div class=\"wpb-content-wrapper\"><p>[vc_row css_animation=&#8221;&#8221; row_type=&#8221;row&#8221; use_row_as_full_screen_section=&#8221;no&#8221; type=&#8221;full_width&#8221; angled_section=&#8221;no&#8221; text_align=&#8221;left&#8221; background_image_as_pattern=&#8221;without_pattern&#8221;][vc_column][vc_column_text]<\/p>\n<h2>Privacy<\/h2>\n<p><strong>Informativa ai sensi dell&#8217;art. 13 del Codice della Privacy<\/p>\n<p><\/strong>Ai sensi dell&#8217;articolo 13 del codice della D.Lgs. 196\/2003, vi rendiamo le seguenti informazioni.<\/p>\n<p><strong>Finalit\u00e0 del trattamento<\/p>\n<p><\/strong>I dati possono essere raccolti per una o pi\u00f9 delle seguenti finalit\u00e0:<br \/>\n1)fornire l&#8217;accesso ad aree riservate del Portale e di Portali\/siti collegati con il presente e all&#8217;invio di comunicazioni anche di carattere commerciale, notizie, aggiornamenti sulle iniziative di\u00a0APE Raccorderie SRL\u00a0e delle societ\u00e0 da essa controllate e\/o collegate e\/o Sponsor.<br \/>\n2)eventuale cessione a terzi dei suddetti dati, sempre finalizzata alla realizzazione di campagne di email marketing ed all&#8217;invio di comunicazioni di carattere commerciale. 3)eseguire gli obblighi previsti da leggi o regolamenti;<br \/>\n4)gestione contatti;<\/p>\n<p><strong>Modalit\u00e0 del trattamento<\/strong><\/p>\n<p>I dati verranno trattati con le seguenti modalit\u00e0:<br \/>\n1)raccolta dati con modalit\u00e0 single-opt, in apposito database;<br \/>\n2)registrazione ed elaborazione su supporto cartaceo e\/o magnetico;<br \/>\n3)organizzazione degli archivi in forma prevalentemente automatizzata, ai sensi del Disciplinare Tecnico in materia di misure minime di sicurezza, Allegato B del Codice della Privacy.<\/p>\n<p><strong>Natura obbligatoria<\/strong><\/p>\n<p>Tutti i dati richiesti sono obbligatori.<\/p>\n<p><strong>Soggetti a cui dati potranno essere comunicati i dati personali <\/strong><\/p>\n<p>I dati raccolti potranno essere comunicati a:<br \/>\n1)societ\u00e0 e imprese per usi di direct mailing o attivit\u00e0 analoghe;<br \/>\n2)associazioni e fondazioni intenzionate ad acquistare spazi pubblicitari sulle liste o sul sito e\/o collegate alla fornitura di un particolare servizio.<br \/>\n3)soggetti che debbano avere accesso ai dati, come da norme di legge o di normative secondarie e\/o comunitarie.<\/p>\n<p><strong>Diritti dell&#8217;interessato<\/strong><\/p>\n<p>Ai sensi ai sensi dell&#8217;art. 7 (Diritto di accesso ai dati personali ed altri diritti) del Codice della Privacy, vi segnaliamo che i vostri diritti in ordine al trattamento dei dati sono:<br \/>\n&#8211; conoscere, mediante accesso gratuito l&#8217;esistenza di trattamenti di dati che possano riguardarvi;<br \/>\n&#8211; essere informati sulla natura e sulle finalit\u00e0 del trattamento<br \/>\n&#8211; ottenere a cura del titolare, senza ritardo:<br \/>\n&#8211; la conferma dell&#8217;esistenza o meno di dati personali che vi riguardano, anche se non ancora registrati, e la comunicazione in forma intellegibile dei medesimi dati e della loro origine, nonch\u00e9 della logica e delle finalit\u00e0 su cui si basa il trattamento; la richiesta pu\u00f2 essere rinnovata, salva l&#8217;esistenza di giustificati motivi, con intervallo non minore di novanta giorni;<br \/>\n&#8211; la cancellazione, la trasformazione in forma anonima o il blocco dei dati trattati in violazione di legge, compresi quelli di cui non \u00e8 necessaria la conservazione in relazione agli scopi per i quali i dati sono stati raccolti o successivamente trattati;<br \/>\n&#8211; l&#8217;aggiornamento, la rettifica ovvero, qualora vi abbia interesse, l&#8217;integrazione dei dati esistenti;<br \/>\n&#8211; opporvi in tutto o in parte per motivi legittimi al trattamento dei dati personali che vi riguardano ancorch\u00e9 pertinenti allo scopo della raccolta;<br \/>\n&#8211; Vi segnaliamo che il titolare del trattamento ad ogni effetto di legge \u00e8:<\/p>\n<p>&#8211;<strong> APE RACCORDERIE SRL<\/p>\n<p><\/strong>P. IVA 00673760989<\/p>\n<p>Via\u00a0Gozzano, 8<\/p>\n<p>25068 Ponte Zanano &#8211; Sarezzo<\/p>\n<p>Tel\/Fax:030 8920912<\/p>\n<p>E-mail:\u00a0info@ape-raccorderie.com<\/p>\n<p>&#8211; Per esercitare i diritti previsti all&#8217;art. 7 del Codice della Privacy ovvero per la cancellazione dei vostri dati dall&#8217;archivio, \u00e8 sufficiente contattarci attraverso uno dei canali messi a disposizione.<br \/>\nTutti i dati sono protetti attraverso l&#8217;uso di antivirus, firewall e protezione attraverso password.<\/p>\n<p>Siamo a disposizione per ulteriori chiarimenti.<\/p>\n<p>Cordiali saluti.<\/p>\n<p>&nbsp;<\/p>\n<h2>Cookie Policy<\/h2>\n<p>I cookies servono a migliorare i servizi offerti. Alcuni sono strettamente necessari alla funzionalit\u00e0 del sito, mentre altri consentono di ottimizzarne le prestazioni e di offrire una migliore esperienza all&#8217;utente.<\/p>\n<p><strong>I COOKIES FUNZIONALI SERVONO A:<\/strong><br \/>\n\u2022 Ricordare i dati di accesso<br \/>\n\u2022 Offrire una navigazione sicura dopo l&#8217;accesso<br \/>\n\u2022 Garantire un aspetto coerente al sito web<\/p>\n<p><strong>I COOKIES A SCOPO PRESTAZIONALE PERMETTONO DI:<\/strong><br \/>\n\u2022 Ottimizzare le prestazioni del sito web riducendo i tempi di caricamento delle pagine visitate<br \/>\n\u2022 Migliorare l&#8217;esperienza dell&#8217;utente<\/p>\n<p><strong>I &#8220;TARGETING COOKIES&#8221; SONO UTILIZZATI PER:<\/strong><br \/>\n\u2022 Permettere di usare le funzioni &#8220;condividi&#8221; e &#8220;mi piace&#8221;<\/p>\n<p><strong>ESEMPI DI IMPIEGO:<\/strong><br \/>\n\u2022 Consentono a un servizio di riconoscere il dispositivo utilizzato, per evitare l\u2019inserimento continuativo di informazioni gi\u00e0 fornite<br \/>\n\u2022 Riconoscono che \u00e8 gi\u00e0 stato fornito un nome utente e una password per l&#8217;accesso ad un eventuale area riservata del sito, onde evitare di dover ripetere l&#8217;operazione per ogni pagina web richiesta<br \/>\n\u2022 Calcolano quanti utenti stanno usando i servizi, in modo da agevolarne l&#8217;utilizzo e assicurare la capacit\u00e0 necessaria a una navigazione veloce<br \/>\n\u2022 Analizzano i dati per permettere alla gestione di capire in che modo vengono utilizzati i servizi al fine di migliorali.<\/p>\n<p>Non autorizzare l\u2019uso dei cookies pu\u00f2 determinare un non corretto funzionamento del sito stesso.<br \/>\nPer eliminare i file cookie eventualmente gi\u00e0 presenti sul computer, si consiglia di leggere le istruzioni del proprio browser cliccando sulla voce \u201cAiuto\u201d del relativo menu.<br \/>\n\u00c8 altres\u00ec possibile trovare ulteriori informazioni sui cookies e su come gestirli consultando il sito www.aboutcookies.org[\/vc_column_text][\/vc_column][\/vc_row][vc_row css_animation=&#8221;&#8221; row_type=&#8221;row&#8221; use_row_as_full_screen_section=&#8221;no&#8221; type=&#8221;full_width&#8221; angled_section=&#8221;no&#8221; text_align=&#8221;left&#8221; background_image_as_pattern=&#8221;without_pattern&#8221;][vc_column][vc_empty_space height=&#8221;96px&#8221;][\/vc_column][\/vc_row]<\/p>\n<\/div>","protected":false},"excerpt":{"rendered":"<p>[vc_row css_animation=&#8221;&#8221; row_type=&#8221;row&#8221; use_row_as_full_screen_section=&#8221;no&#8221; type=&#8221;full_width&#8221; angled_section=&#8221;no&#8221; text_align=&#8221;left&#8221; background_image_as_pattern=&#8221;without_pattern&#8221;][vc_column][vc_column_text] Privacy Informativa ai sensi dell&#8217;art. 13 del Codice della Privacy Ai sensi dell&#8217;articolo 13 del codice della D.Lgs. 196\/2003, vi rendiamo le seguenti informazioni. Finalit\u00e0 del trattamento I dati possono essere raccolti per una o pi\u00f9 delle&#8230;<\/p>\n","protected":false},"author":28,"featured_media":0,"parent":0,"menu_order":0,"comment_status":"closed","ping_status":"open","template":"","meta":{"_acf_changed":false,"footnotes":""},"class_list":["post-3","page","type-page","status-publish","hentry"],"acf":[],"_links":{"self":[{"href":"https:\/\/www.ape-raccorderie.com\/it\/wp-json\/wp\/v2\/pages\/3","targetHints":{"allow":["GET"]}}],"collection":[{"href":"https:\/\/www.ape-raccorderie.com\/it\/wp-json\/wp\/v2\/pages"}],"about":[{"href":"https:\/\/www.ape-raccorderie.com\/it\/wp-json\/wp\/v2\/types\/page"}],"author":[{"embeddable":true,"href":"https:\/\/www.ape-raccorderie.com\/it\/wp-json\/wp\/v2\/users\/28"}],"replies":[{"embeddable":true,"href":"https:\/\/www.ape-raccorderie.com\/it\/wp-json\/wp\/v2\/comments?post=3"}],"version-history":[{"count":7,"href":"https:\/\/www.ape-raccorderie.com\/it\/wp-json\/wp\/v2\/pages\/3\/revisions"}],"predecessor-version":[{"id":72533,"href":"https:\/\/www.ape-raccorderie.com\/it\/wp-json\/wp\/v2\/pages\/3\/revisions\/72533"}],"wp:attachment":[{"href":"https:\/\/www.ape-raccorderie.com\/it\/wp-json\/wp\/v2\/media?parent=3"}],"curies":[{"name":"wp","href":"https:\/\/api.w.org\/{rel}","templated":true}]}}