{"id":67130,"date":"2022-11-08T12:28:05","date_gmt":"2022-11-08T11:28:05","guid":{"rendered":"https:\/\/www.ape-raccorderie.com\/?page_id=67130"},"modified":"2026-02-25T11:21:57","modified_gmt":"2026-02-25T10:21:57","slug":"certificazioni","status":"publish","type":"page","link":"https:\/\/www.ape-raccorderie.com\/it\/certificazioni\/","title":{"rendered":"APE Raccorderie e Sistema Qualit\u00e0"},"content":{"rendered":"<div class=\"wpb-content-wrapper\"><p>[vc_row css_animation=&#8221;&#8221; row_type=&#8221;row&#8221; use_row_as_full_screen_section=&#8221;no&#8221; type=&#8221;full_width&#8221; angled_section=&#8221;no&#8221; text_align=&#8221;left&#8221; background_image_as_pattern=&#8221;without_pattern&#8221;][vc_column width=&#8221;1\/2&#8243;][vc_column_text css=&#8221;&#8221;]APE Raccorderie S.r.l. ha sempre creduto nella qualit\u00e0 e sin dal 1998 ha implementato un sistema di gestione della qualit\u00e0 che ha ottenuto la certificazione secondo la UNI EN ISO 2002 : 1994, in seguito nel 2002 il sistema \u00e8 stato rinnovato e migliorato ottenendo cos\u00ec l\u2019adeguamento alla UNI EN ISO 9001 : 2000, nell\u2019anno 2009 il sistema qualit\u00e0 di APE \u00e8 stato adeguato e certificato secondo la nuova UNI EN ISO 9001 : 2008 ed infine nel 2018 ha ottenuto la certificazione secondo la ISO 9001 : 2015.<\/p>\n<p>A dimostrare il forte impegno di APE per produrre con alti standard qualitativi vi \u00e8 il fatto che alcuni prodotti APE hanno ottenuto la certificazione da prestigiosi enti terzi esteri come DVGW e DINCERTCO in Germania, Kiwa e KOMO in Olanda, Wras in Inghilterra, NF in Francia, AENOR in Spagna, ATG in Belgio.[\/vc_column_text][\/vc_column][vc_column width=&#8221;1\/2&#8243;][vc_column_text]<\/p>\n<h3 class=\"blu-ape\"><strong>CERTIFICATO SISTEMA DI GESTIONE QUALIT\u00c0 ISO 9001:2015<\/strong><\/h3>\n<h3 class=\"blu-ape\"><\/h3>\n<p>[\/vc_column_text][vc_empty_space height=&#8221;30px&#8221;][vc_gallery type=&#8221;image_grid&#8221; images=&#8221;77202&#8243; img_size=&#8221;70X100&#8243; onclick=&#8221;img_link_large&#8221; css=&#8221;&#8221; column_number=&#8221;0&#8243; grayscale=&#8221;no&#8221; images_space=&#8221;gallery_with_space&#8221;][vc_empty_space height=&#8221;60px&#8221;][vc_column_text css=&#8221;&#8221;]<a href=\"https:\/\/www.ape-raccorderie.com\/wp-content\/uploads\/2026\/01\/APE-Raccorderie-ISO-9001-ITA.pdf\">https:\/\/www.ape-raccorderie.com\/wp-content\/uploads\/2026\/01\/APE-Raccorderie-ISO-9001-ITA.pdf<\/a>[\/vc_column_text][\/vc_column][\/vc_row]<\/p>\n<\/div>","protected":false},"excerpt":{"rendered":"<p>[vc_row css_animation=&#8221;&#8221; row_type=&#8221;row&#8221; use_row_as_full_screen_section=&#8221;no&#8221; type=&#8221;full_width&#8221; angled_section=&#8221;no&#8221; text_align=&#8221;left&#8221; background_image_as_pattern=&#8221;without_pattern&#8221;][vc_column width=&#8221;1\/2&#8243;][vc_column_text css=&#8221;&#8221;]APE Raccorderie S.r.l. ha sempre creduto nella qualit\u00e0 e sin dal 1998 ha implementato un sistema di gestione della qualit\u00e0 che ha ottenuto la certificazione secondo la UNI EN ISO 2002 : 1994, in seguito nel&#8230;<\/p>\n","protected":false},"author":28,"featured_media":0,"parent":0,"menu_order":0,"comment_status":"closed","ping_status":"closed","template":"","meta":{"_acf_changed":false,"footnotes":""},"class_list":["post-67130","page","type-page","status-publish","hentry"],"acf":[],"_links":{"self":[{"href":"https:\/\/www.ape-raccorderie.com\/it\/wp-json\/wp\/v2\/pages\/67130","targetHints":{"allow":["GET"]}}],"collection":[{"href":"https:\/\/www.ape-raccorderie.com\/it\/wp-json\/wp\/v2\/pages"}],"about":[{"href":"https:\/\/www.ape-raccorderie.com\/it\/wp-json\/wp\/v2\/types\/page"}],"author":[{"embeddable":true,"href":"https:\/\/www.ape-raccorderie.com\/it\/wp-json\/wp\/v2\/users\/28"}],"replies":[{"embeddable":true,"href":"https:\/\/www.ape-raccorderie.com\/it\/wp-json\/wp\/v2\/comments?post=67130"}],"version-history":[{"count":37,"href":"https:\/\/www.ape-raccorderie.com\/it\/wp-json\/wp\/v2\/pages\/67130\/revisions"}],"predecessor-version":[{"id":77208,"href":"https:\/\/www.ape-raccorderie.com\/it\/wp-json\/wp\/v2\/pages\/67130\/revisions\/77208"}],"wp:attachment":[{"href":"https:\/\/www.ape-raccorderie.com\/it\/wp-json\/wp\/v2\/media?parent=67130"}],"curies":[{"name":"wp","href":"https:\/\/api.w.org\/{rel}","templated":true}]}}